{"id":10443,"date":"2025-02-05T09:57:14","date_gmt":"2025-02-05T08:57:14","guid":{"rendered":"https:\/\/www.sams-industrie.fr\/product\/rondelle-de-serrage-reference-equerrage\/"},"modified":"2025-10-29T15:28:29","modified_gmt":"2025-10-29T14:28:29","slug":"rondelle-de-serrage-reference-equerrage","status":"publish","type":"product","link":"https:\/\/www.sams-industrie.fr\/en\/product\/rondelle-de-serrage-reference-equerrage\/","title":{"rendered":"Clamping washer<br> Reference BK-045-040"},"content":{"rendered":"","protected":false},"excerpt":{"rendered":"<p>RAPIDEX RAPIDLINE 10 \u2013 RAPIDLINE 13 \u2013 RAPIDLINE 16 \u2013 RAPIDLINE 22<br \/>\nR\u00e9f\u00e9rence constructeur : BK-045-040<br \/>\nR\u00e9f\u00e9rences \u00e9quivalentes : BK045040 \/ MBK045040 \/ RAPBK045040<\/p>","protected":false},"featured_media":11668,"comment_status":"open","ping_status":"closed","template":"","meta":[],"_links":{"self":[{"href":"https:\/\/www.sams-industrie.fr\/en\/wp-json\/wp\/v2\/product\/10443"}],"collection":[{"href":"https:\/\/www.sams-industrie.fr\/en\/wp-json\/wp\/v2\/product"}],"about":[{"href":"https:\/\/www.sams-industrie.fr\/en\/wp-json\/wp\/v2\/types\/product"}],"replies":[{"embeddable":true,"href":"https:\/\/www.sams-industrie.fr\/en\/wp-json\/wp\/v2\/comments?post=10443"}],"wp:featuredmedia":[{"embeddable":true,"href":"https:\/\/www.sams-industrie.fr\/en\/wp-json\/wp\/v2\/media\/11668"}],"wp:attachment":[{"href":"https:\/\/www.sams-industrie.fr\/en\/wp-json\/wp\/v2\/media?parent=10443"}],"curies":[{"name":"wp","href":"https:\/\/api.w.org\/{rel}","templated":true}]}}