{"id":10442,"date":"2025-02-05T09:57:13","date_gmt":"2025-02-05T08:57:13","guid":{"rendered":"https:\/\/www.sams-industrie.fr\/product\/pignon-reglable-reference-equerrage\/"},"modified":"2025-02-19T11:58:34","modified_gmt":"2025-02-19T10:58:34","slug":"pignon-reglable-reference-equerrage","status":"publish","type":"product","link":"https:\/\/www.sams-industrie.fr\/en\/product\/pignon-reglable-reference-equerrage\/","title":{"rendered":"Adjustable pinion<br> Reference JR-006-142"},"content":{"rendered":"","protected":false},"excerpt":{"rendered":"<p>RAPIDEX RAPIDLINE 22<br \/> R\u00e9f\u00e9rence constructeur : JR-006-142<br \/> R\u00e9f\u00e9rences \u00e9quivalentes : JR006142 \/ MJR006142 \/ RAPJR006142<\/p>","protected":false},"featured_media":0,"comment_status":"open","ping_status":"closed","template":"","meta":[],"_links":{"self":[{"href":"https:\/\/www.sams-industrie.fr\/en\/wp-json\/wp\/v2\/product\/10442"}],"collection":[{"href":"https:\/\/www.sams-industrie.fr\/en\/wp-json\/wp\/v2\/product"}],"about":[{"href":"https:\/\/www.sams-industrie.fr\/en\/wp-json\/wp\/v2\/types\/product"}],"replies":[{"embeddable":true,"href":"https:\/\/www.sams-industrie.fr\/en\/wp-json\/wp\/v2\/comments?post=10442"}],"wp:attachment":[{"href":"https:\/\/www.sams-industrie.fr\/en\/wp-json\/wp\/v2\/media?parent=10442"}],"curies":[{"name":"wp","href":"https:\/\/api.w.org\/{rel}","templated":true}]}}