{"id":10441,"date":"2025-02-05T09:57:12","date_gmt":"2025-02-05T08:57:12","guid":{"rendered":"https:\/\/www.sams-industrie.fr\/product\/moyeu-de-commande-broche-reference-equerrage-3\/"},"modified":"2025-02-19T11:58:33","modified_gmt":"2025-02-19T10:58:33","slug":"moyeu-de-commande-broche-reference-equerrage-3","status":"publish","type":"product","link":"https:\/\/www.sams-industrie.fr\/en\/product\/moyeu-de-commande-broche-reference-equerrage-3\/","title":{"rendered":"Broached control hub<br> Reference WA-011-686"},"content":{"rendered":"","protected":false},"excerpt":{"rendered":"<p>RAPIDEX RAPIDLINE 22<br \/> R\u00e9f\u00e9rence constructeur : WA-011-686<br \/> R\u00e9f\u00e9rences \u00e9quivalentes : WA011686 \/ MWA011686 \/ RAPWA011686<\/p>","protected":false},"featured_media":0,"comment_status":"open","ping_status":"closed","template":"","meta":[],"_links":{"self":[{"href":"https:\/\/www.sams-industrie.fr\/en\/wp-json\/wp\/v2\/product\/10441"}],"collection":[{"href":"https:\/\/www.sams-industrie.fr\/en\/wp-json\/wp\/v2\/product"}],"about":[{"href":"https:\/\/www.sams-industrie.fr\/en\/wp-json\/wp\/v2\/types\/product"}],"replies":[{"embeddable":true,"href":"https:\/\/www.sams-industrie.fr\/en\/wp-json\/wp\/v2\/comments?post=10441"}],"wp:attachment":[{"href":"https:\/\/www.sams-industrie.fr\/en\/wp-json\/wp\/v2\/media?parent=10441"}],"curies":[{"name":"wp","href":"https:\/\/api.w.org\/{rel}","templated":true}]}}