{"id":10440,"date":"2025-02-05T09:57:11","date_gmt":"2025-02-05T08:57:11","guid":{"rendered":"https:\/\/www.sams-industrie.fr\/product\/taquet-central-gauche-reference-equerrage\/"},"modified":"2025-02-19T11:58:33","modified_gmt":"2025-02-19T10:58:33","slug":"taquet-central-gauche-reference-equerrage","status":"publish","type":"product","link":"https:\/\/www.sams-industrie.fr\/en\/product\/taquet-central-gauche-reference-equerrage\/","title":{"rendered":"Left center cleat<br> Reference BK-045-070"},"content":{"rendered":"","protected":false},"excerpt":{"rendered":"<p>RAPIDEX RTA<br \/> R\u00e9f\u00e9rence constructeur : BK-045-070<br \/> R\u00e9f\u00e9rences \u00e9quivalentes : BK045070 \/ MBK045070 \/ RAPBK045070<\/p>","protected":false},"featured_media":0,"comment_status":"open","ping_status":"closed","template":"","meta":[],"_links":{"self":[{"href":"https:\/\/www.sams-industrie.fr\/en\/wp-json\/wp\/v2\/product\/10440"}],"collection":[{"href":"https:\/\/www.sams-industrie.fr\/en\/wp-json\/wp\/v2\/product"}],"about":[{"href":"https:\/\/www.sams-industrie.fr\/en\/wp-json\/wp\/v2\/types\/product"}],"replies":[{"embeddable":true,"href":"https:\/\/www.sams-industrie.fr\/en\/wp-json\/wp\/v2\/comments?post=10440"}],"wp:attachment":[{"href":"https:\/\/www.sams-industrie.fr\/en\/wp-json\/wp\/v2\/media?parent=10440"}],"curies":[{"name":"wp","href":"https:\/\/api.w.org\/{rel}","templated":true}]}}