{"id":10438,"date":"2025-02-05T09:57:08","date_gmt":"2025-02-05T08:57:08","guid":{"rendered":"https:\/\/www.sams-industrie.fr\/product\/moyeu-de-commande-broche-reference-equerrage-2\/"},"modified":"2025-02-19T11:58:31","modified_gmt":"2025-02-19T10:58:31","slug":"moyeu-de-commande-broche-reference-equerrage-2","status":"publish","type":"product","link":"https:\/\/www.sams-industrie.fr\/en\/product\/moyeu-de-commande-broche-reference-equerrage-2\/","title":{"rendered":"Broached control hub<br> Reference WA-045-223"},"content":{"rendered":"","protected":false},"excerpt":{"rendered":"<p>RAPIDEX RAPIDLINE 22<br \/> R\u00e9f\u00e9rence constructeur : WA-045-223<br \/> R\u00e9f\u00e9rences \u00e9quivalentes : WA045223 \/ MWA045223 \/ RAPWA045223<\/p>","protected":false},"featured_media":0,"comment_status":"open","ping_status":"closed","template":"","meta":[],"_links":{"self":[{"href":"https:\/\/www.sams-industrie.fr\/en\/wp-json\/wp\/v2\/product\/10438"}],"collection":[{"href":"https:\/\/www.sams-industrie.fr\/en\/wp-json\/wp\/v2\/product"}],"about":[{"href":"https:\/\/www.sams-industrie.fr\/en\/wp-json\/wp\/v2\/types\/product"}],"replies":[{"embeddable":true,"href":"https:\/\/www.sams-industrie.fr\/en\/wp-json\/wp\/v2\/comments?post=10438"}],"wp:attachment":[{"href":"https:\/\/www.sams-industrie.fr\/en\/wp-json\/wp\/v2\/media?parent=10438"}],"curies":[{"name":"wp","href":"https:\/\/api.w.org\/{rel}","templated":true}]}}