{"id":10436,"date":"2025-02-05T09:57:06","date_gmt":"2025-02-05T08:57:06","guid":{"rendered":"https:\/\/www.sams-industrie.fr\/product\/taquet-lateral-gauche-reference-equerrage-2\/"},"modified":"2025-02-19T11:58:30","modified_gmt":"2025-02-19T10:58:30","slug":"taquet-lateral-gauche-reference-equerrage-2","status":"publish","type":"product","link":"https:\/\/www.sams-industrie.fr\/en\/product\/taquet-lateral-gauche-reference-equerrage-2\/","title":{"rendered":"Left side cleat<br> Reference BK-045-067"},"content":{"rendered":"","protected":false},"excerpt":{"rendered":"<p>RAPIDEX RTA<br \/> R\u00e9f\u00e9rence constructeur : BK-045-067<br \/> R\u00e9f\u00e9rences \u00e9quivalentes : BK045067 \/ MBK045067 \/ RAPBK045067<\/p>","protected":false},"featured_media":0,"comment_status":"open","ping_status":"closed","template":"","meta":[],"_links":{"self":[{"href":"https:\/\/www.sams-industrie.fr\/en\/wp-json\/wp\/v2\/product\/10436"}],"collection":[{"href":"https:\/\/www.sams-industrie.fr\/en\/wp-json\/wp\/v2\/product"}],"about":[{"href":"https:\/\/www.sams-industrie.fr\/en\/wp-json\/wp\/v2\/types\/product"}],"replies":[{"embeddable":true,"href":"https:\/\/www.sams-industrie.fr\/en\/wp-json\/wp\/v2\/comments?post=10436"}],"wp:attachment":[{"href":"https:\/\/www.sams-industrie.fr\/en\/wp-json\/wp\/v2\/media?parent=10436"}],"curies":[{"name":"wp","href":"https:\/\/api.w.org\/{rel}","templated":true}]}}