{"id":10434,"date":"2025-02-05T09:57:05","date_gmt":"2025-02-05T08:57:05","guid":{"rendered":"https:\/\/www.sams-industrie.fr\/product\/galet-de-sortie-reference-equerrage\/"},"modified":"2025-02-19T11:58:29","modified_gmt":"2025-02-19T10:58:29","slug":"galet-de-sortie-reference-equerrage","status":"publish","type":"product","link":"https:\/\/www.sams-industrie.fr\/en\/product\/galet-de-sortie-reference-equerrage\/","title":{"rendered":"Output roller<br> Reference WA-145-018"},"content":{"rendered":"","protected":false},"excerpt":{"rendered":"<p>RAPIDEX RAPIDLINE 10 \u2013 RAPIDLINE 13 \u2013 RAPIDLINE 16 \u2013 RAPIDLINE 22<br \/> R\u00e9f\u00e9rence constructeur : WA-145-018<br \/> R\u00e9f\u00e9rences \u00e9quivalentes : WA145018 \/ MWA145018 \/ RAPWA145018<\/p>","protected":false},"featured_media":0,"comment_status":"open","ping_status":"closed","template":"","meta":[],"_links":{"self":[{"href":"https:\/\/www.sams-industrie.fr\/en\/wp-json\/wp\/v2\/product\/10434"}],"collection":[{"href":"https:\/\/www.sams-industrie.fr\/en\/wp-json\/wp\/v2\/product"}],"about":[{"href":"https:\/\/www.sams-industrie.fr\/en\/wp-json\/wp\/v2\/types\/product"}],"replies":[{"embeddable":true,"href":"https:\/\/www.sams-industrie.fr\/en\/wp-json\/wp\/v2\/comments?post=10434"}],"wp:attachment":[{"href":"https:\/\/www.sams-industrie.fr\/en\/wp-json\/wp\/v2\/media?parent=10434"}],"curies":[{"name":"wp","href":"https:\/\/api.w.org\/{rel}","templated":true}]}}