{"id":10432,"date":"2025-02-05T09:57:01","date_gmt":"2025-02-05T08:57:01","guid":{"rendered":"https:\/\/www.sams-industrie.fr\/product\/flasque-moteur-reference-equerrage-3\/"},"modified":"2025-10-29T15:27:27","modified_gmt":"2025-10-29T14:27:27","slug":"flasque-moteur-reference-equerrage-3","status":"publish","type":"product","link":"https:\/\/www.sams-industrie.fr\/en\/product\/flasque-moteur-reference-equerrage-3\/","title":{"rendered":"Engine flange<br> Reference BK-045-033"},"content":{"rendered":"","protected":false},"excerpt":{"rendered":"<p>RAPIDEX RAPIDLINE 10 \u2013 RAPIDLINE 13 \u2013 RAPIDLINE 16 \u2013 RAPIDLINE 22<br \/>\nR\u00e9f\u00e9rence constructeur : BK-045-033<br \/>\nR\u00e9f\u00e9rences \u00e9quivalentes : BK045033 \/ MBK045033 \/ RAPBK045033<\/p>","protected":false},"featured_media":11667,"comment_status":"open","ping_status":"closed","template":"","meta":[],"_links":{"self":[{"href":"https:\/\/www.sams-industrie.fr\/en\/wp-json\/wp\/v2\/product\/10432"}],"collection":[{"href":"https:\/\/www.sams-industrie.fr\/en\/wp-json\/wp\/v2\/product"}],"about":[{"href":"https:\/\/www.sams-industrie.fr\/en\/wp-json\/wp\/v2\/types\/product"}],"replies":[{"embeddable":true,"href":"https:\/\/www.sams-industrie.fr\/en\/wp-json\/wp\/v2\/comments?post=10432"}],"wp:featuredmedia":[{"embeddable":true,"href":"https:\/\/www.sams-industrie.fr\/en\/wp-json\/wp\/v2\/media\/11667"}],"wp:attachment":[{"href":"https:\/\/www.sams-industrie.fr\/en\/wp-json\/wp\/v2\/media?parent=10432"}],"curies":[{"name":"wp","href":"https:\/\/api.w.org\/{rel}","templated":true}]}}