{"id":10431,"date":"2025-02-05T09:57:00","date_gmt":"2025-02-05T08:57:00","guid":{"rendered":"https:\/\/www.sams-industrie.fr\/product\/axe-superieur-reference-equerrage\/"},"modified":"2025-02-19T11:58:26","modified_gmt":"2025-02-19T10:58:26","slug":"axe-superieur-reference-equerrage","status":"publish","type":"product","link":"https:\/\/www.sams-industrie.fr\/en\/product\/axe-superieur-reference-equerrage\/","title":{"rendered":"Upper axis<br> Reference WA-045-249"},"content":{"rendered":"","protected":false},"excerpt":{"rendered":"<p>RAPIDEX RAPIDLINE 22<br \/> R\u00e9f\u00e9rence constructeur : WA-045-249<br \/> R\u00e9f\u00e9rences \u00e9quivalentes : WA045249 \/ MWA045249 \/ RAPWA045249<\/p>","protected":false},"featured_media":0,"comment_status":"open","ping_status":"closed","template":"","meta":[],"_links":{"self":[{"href":"https:\/\/www.sams-industrie.fr\/en\/wp-json\/wp\/v2\/product\/10431"}],"collection":[{"href":"https:\/\/www.sams-industrie.fr\/en\/wp-json\/wp\/v2\/product"}],"about":[{"href":"https:\/\/www.sams-industrie.fr\/en\/wp-json\/wp\/v2\/types\/product"}],"replies":[{"embeddable":true,"href":"https:\/\/www.sams-industrie.fr\/en\/wp-json\/wp\/v2\/comments?post=10431"}],"wp:attachment":[{"href":"https:\/\/www.sams-industrie.fr\/en\/wp-json\/wp\/v2\/media?parent=10431"}],"curies":[{"name":"wp","href":"https:\/\/api.w.org\/{rel}","templated":true}]}}