{"id":10430,"date":"2025-02-05T09:56:59","date_gmt":"2025-02-05T08:56:59","guid":{"rendered":"https:\/\/www.sams-industrie.fr\/product\/arbre-intermediaire-reference-equerrage\/"},"modified":"2025-02-19T11:58:25","modified_gmt":"2025-02-19T10:58:25","slug":"arbre-intermediaire-reference-equerrage","status":"publish","type":"product","link":"https:\/\/www.sams-industrie.fr\/en\/product\/arbre-intermediaire-reference-equerrage\/","title":{"rendered":"Intermediate shaft<br> Reference WA-045-235"},"content":{"rendered":"","protected":false},"excerpt":{"rendered":"<p>RAPIDEX RAPIDLINE 10 \u2013 RAPIDLINE 13 \u2013 RAPIDLINE 16 \u2013 RAPIDLINE 22<br \/> R\u00e9f\u00e9rence constructeur : WA-045-235<br \/> R\u00e9f\u00e9rences \u00e9quivalentes : WA045235 \/ MWA045235 \/ RAPWA045235<\/p>","protected":false},"featured_media":0,"comment_status":"open","ping_status":"closed","template":"","meta":[],"_links":{"self":[{"href":"https:\/\/www.sams-industrie.fr\/en\/wp-json\/wp\/v2\/product\/10430"}],"collection":[{"href":"https:\/\/www.sams-industrie.fr\/en\/wp-json\/wp\/v2\/product"}],"about":[{"href":"https:\/\/www.sams-industrie.fr\/en\/wp-json\/wp\/v2\/types\/product"}],"replies":[{"embeddable":true,"href":"https:\/\/www.sams-industrie.fr\/en\/wp-json\/wp\/v2\/comments?post=10430"}],"wp:attachment":[{"href":"https:\/\/www.sams-industrie.fr\/en\/wp-json\/wp\/v2\/media?parent=10430"}],"curies":[{"name":"wp","href":"https:\/\/api.w.org\/{rel}","templated":true}]}}