{"id":10428,"date":"2025-02-05T09:56:57","date_gmt":"2025-02-05T08:56:57","guid":{"rendered":"https:\/\/www.sams-industrie.fr\/product\/flasque-moteur-reference-equerrage-2\/"},"modified":"2025-02-19T11:58:23","modified_gmt":"2025-02-19T10:58:23","slug":"flasque-moteur-reference-equerrage-2","status":"publish","type":"product","link":"https:\/\/www.sams-industrie.fr\/en\/product\/flasque-moteur-reference-equerrage-2\/","title":{"rendered":"Engine flange<br> Reference BK-045-032"},"content":{"rendered":"","protected":false},"excerpt":{"rendered":"<p>RAPIDEX RAPIDLINE 10 \u2013 RAPIDLINE 13 \u2013 RAPIDLINE 16 \u2013 RAPIDLINE 22<br \/> R\u00e9f\u00e9rence constructeur : BK-045-032<br \/> R\u00e9f\u00e9rences \u00e9quivalentes : BK045032 \/ MBK045032 \/ RAPBK045032<\/p>","protected":false},"featured_media":0,"comment_status":"open","ping_status":"closed","template":"","meta":[],"_links":{"self":[{"href":"https:\/\/www.sams-industrie.fr\/en\/wp-json\/wp\/v2\/product\/10428"}],"collection":[{"href":"https:\/\/www.sams-industrie.fr\/en\/wp-json\/wp\/v2\/product"}],"about":[{"href":"https:\/\/www.sams-industrie.fr\/en\/wp-json\/wp\/v2\/types\/product"}],"replies":[{"embeddable":true,"href":"https:\/\/www.sams-industrie.fr\/en\/wp-json\/wp\/v2\/comments?post=10428"}],"wp:attachment":[{"href":"https:\/\/www.sams-industrie.fr\/en\/wp-json\/wp\/v2\/media?parent=10428"}],"curies":[{"name":"wp","href":"https:\/\/api.w.org\/{rel}","templated":true}]}}