{"id":10425,"date":"2025-02-05T09:56:53","date_gmt":"2025-02-05T08:56:53","guid":{"rendered":"https:\/\/www.sams-industrie.fr\/product\/moyeu-de-commande-broche-reference-equerrage\/"},"modified":"2025-02-19T11:58:21","modified_gmt":"2025-02-19T10:58:21","slug":"moyeu-de-commande-broche-reference-equerrage","status":"publish","type":"product","link":"https:\/\/www.sams-industrie.fr\/en\/product\/moyeu-de-commande-broche-reference-equerrage\/","title":{"rendered":"Broached control hub<br> Reference WA-026-212"},"content":{"rendered":"","protected":false},"excerpt":{"rendered":"<p>RAPIDEX RAPIDLINE 22<br \/> R\u00e9f\u00e9rence constructeur : WA-026-212<br \/> R\u00e9f\u00e9rences \u00e9quivalentes : WA026212 \/ MWA026212 \/ RAPWA026212<\/p>","protected":false},"featured_media":0,"comment_status":"open","ping_status":"closed","template":"","meta":[],"_links":{"self":[{"href":"https:\/\/www.sams-industrie.fr\/en\/wp-json\/wp\/v2\/product\/10425"}],"collection":[{"href":"https:\/\/www.sams-industrie.fr\/en\/wp-json\/wp\/v2\/product"}],"about":[{"href":"https:\/\/www.sams-industrie.fr\/en\/wp-json\/wp\/v2\/types\/product"}],"replies":[{"embeddable":true,"href":"https:\/\/www.sams-industrie.fr\/en\/wp-json\/wp\/v2\/comments?post=10425"}],"wp:attachment":[{"href":"https:\/\/www.sams-industrie.fr\/en\/wp-json\/wp\/v2\/media?parent=10425"}],"curies":[{"name":"wp","href":"https:\/\/api.w.org\/{rel}","templated":true}]}}