{"id":10423,"date":"2025-02-05T09:56:51","date_gmt":"2025-02-05T08:56:51","guid":{"rendered":"https:\/\/www.sams-industrie.fr\/product\/axe-de-taquets-reference-equerrage-2\/"},"modified":"2025-02-19T11:58:20","modified_gmt":"2025-02-19T10:58:20","slug":"axe-de-taquets-reference-equerrage-2","status":"publish","type":"product","link":"https:\/\/www.sams-industrie.fr\/en\/product\/axe-de-taquets-reference-equerrage-2\/","title":{"rendered":"Cleat axle<br> Reference JR-006-144"},"content":{"rendered":"","protected":false},"excerpt":{"rendered":"<p>RAPIDEX RAPIDLINE 10 \u2013 RAPIDLINE 13 \u2013 RAPIDLINE 16 \u2013 RAPIDLINE 22<br \/> R\u00e9f\u00e9rence constructeur : JR-006-144<br \/> R\u00e9f\u00e9rences \u00e9quivalentes : JR006144 \/ MJR006144 \/ RAPJR006144<\/p>","protected":false},"featured_media":0,"comment_status":"open","ping_status":"closed","template":"","meta":[],"_links":{"self":[{"href":"https:\/\/www.sams-industrie.fr\/en\/wp-json\/wp\/v2\/product\/10423"}],"collection":[{"href":"https:\/\/www.sams-industrie.fr\/en\/wp-json\/wp\/v2\/product"}],"about":[{"href":"https:\/\/www.sams-industrie.fr\/en\/wp-json\/wp\/v2\/types\/product"}],"replies":[{"embeddable":true,"href":"https:\/\/www.sams-industrie.fr\/en\/wp-json\/wp\/v2\/comments?post=10423"}],"wp:attachment":[{"href":"https:\/\/www.sams-industrie.fr\/en\/wp-json\/wp\/v2\/media?parent=10423"}],"curies":[{"name":"wp","href":"https:\/\/api.w.org\/{rel}","templated":true}]}}