{"id":10422,"date":"2025-02-05T09:56:50","date_gmt":"2025-02-05T08:56:50","guid":{"rendered":"https:\/\/www.sams-industrie.fr\/product\/axe-de-taquets-reference-equerrage\/"},"modified":"2025-10-29T15:23:49","modified_gmt":"2025-10-29T14:23:49","slug":"axe-de-taquets-reference-equerrage","status":"publish","type":"product","link":"https:\/\/www.sams-industrie.fr\/en\/product\/axe-de-taquets-reference-equerrage\/","title":{"rendered":"Cleat axle<br> Reference JR-006-176"},"content":{"rendered":"","protected":false},"excerpt":{"rendered":"<p>RAPIDEX RAPIDLINE 10 \u2013 RAPIDLINE 13 \u2013 RAPIDLINE 16 \u2013 RAPIDLINE 22<br \/>\nR\u00e9f\u00e9rence constructeur : JR-006-176<br \/>\nR\u00e9f\u00e9rences \u00e9quivalentes : JR006176 \/ MJR006176 \/ RAPJR006176<\/p>","protected":false},"featured_media":11666,"comment_status":"open","ping_status":"closed","template":"","meta":[],"_links":{"self":[{"href":"https:\/\/www.sams-industrie.fr\/en\/wp-json\/wp\/v2\/product\/10422"}],"collection":[{"href":"https:\/\/www.sams-industrie.fr\/en\/wp-json\/wp\/v2\/product"}],"about":[{"href":"https:\/\/www.sams-industrie.fr\/en\/wp-json\/wp\/v2\/types\/product"}],"replies":[{"embeddable":true,"href":"https:\/\/www.sams-industrie.fr\/en\/wp-json\/wp\/v2\/comments?post=10422"}],"wp:featuredmedia":[{"embeddable":true,"href":"https:\/\/www.sams-industrie.fr\/en\/wp-json\/wp\/v2\/media\/11666"}],"wp:attachment":[{"href":"https:\/\/www.sams-industrie.fr\/en\/wp-json\/wp\/v2\/media?parent=10422"}],"curies":[{"name":"wp","href":"https:\/\/api.w.org\/{rel}","templated":true}]}}