{"id":10421,"date":"2025-02-05T09:56:49","date_gmt":"2025-02-05T08:56:49","guid":{"rendered":"https:\/\/www.sams-industrie.fr\/product\/attache-de-chaine-a-taquets-reference-equerrage-3\/"},"modified":"2025-10-29T15:22:43","modified_gmt":"2025-10-29T14:22:43","slug":"attache-de-chaine-a-taquets-reference-equerrage-3","status":"publish","type":"product","link":"https:\/\/www.sams-industrie.fr\/en\/product\/attache-de-chaine-a-taquets-reference-equerrage-3\/","title":{"rendered":"Cleat chain attachment<br> Reference JR-006-147"},"content":{"rendered":"","protected":false},"excerpt":{"rendered":"<p>RAPIDEX RAPIDLINE 10 \u2013 RAPIDLINE 13 \u2013 RAPIDLINE 16 \u2013 RAPIDLINE 22<br \/>\nR\u00e9f\u00e9rence constructeur : JR-006-147<br \/>\nR\u00e9f\u00e9rences \u00e9quivalentes : JR006147 \/ MJR006147 \/ RAPJR006147<\/p>","protected":false},"featured_media":11665,"comment_status":"open","ping_status":"closed","template":"","meta":[],"_links":{"self":[{"href":"https:\/\/www.sams-industrie.fr\/en\/wp-json\/wp\/v2\/product\/10421"}],"collection":[{"href":"https:\/\/www.sams-industrie.fr\/en\/wp-json\/wp\/v2\/product"}],"about":[{"href":"https:\/\/www.sams-industrie.fr\/en\/wp-json\/wp\/v2\/types\/product"}],"replies":[{"embeddable":true,"href":"https:\/\/www.sams-industrie.fr\/en\/wp-json\/wp\/v2\/comments?post=10421"}],"wp:featuredmedia":[{"embeddable":true,"href":"https:\/\/www.sams-industrie.fr\/en\/wp-json\/wp\/v2\/media\/11665"}],"wp:attachment":[{"href":"https:\/\/www.sams-industrie.fr\/en\/wp-json\/wp\/v2\/media?parent=10421"}],"curies":[{"name":"wp","href":"https:\/\/api.w.org\/{rel}","templated":true}]}}