{"id":10420,"date":"2025-02-05T09:56:48","date_gmt":"2025-02-05T08:56:48","guid":{"rendered":"https:\/\/www.sams-industrie.fr\/product\/axe-de-chaine-a-taquets-reference-equerrage-2\/"},"modified":"2025-02-19T11:58:18","modified_gmt":"2025-02-19T10:58:18","slug":"axe-de-chaine-a-taquets-reference-equerrage-2","status":"publish","type":"product","link":"https:\/\/www.sams-industrie.fr\/en\/product\/axe-de-chaine-a-taquets-reference-equerrage-2\/","title":{"rendered":"Chain pin with cleats<br> Reference JR-006-146"},"content":{"rendered":"","protected":false},"excerpt":{"rendered":"<p>RAPIDEX RAPIDLINE 10 \u2013 RAPIDLINE 13 \u2013 RAPIDLINE 16 \u2013 RAPIDLINE 22<br \/> R\u00e9f\u00e9rence constructeur : JR-006-146<br \/> R\u00e9f\u00e9rences \u00e9quivalentes : JR006146 \/ MJR006146 \/ RAPJR006146<\/p>","protected":false},"featured_media":0,"comment_status":"open","ping_status":"closed","template":"","meta":[],"_links":{"self":[{"href":"https:\/\/www.sams-industrie.fr\/en\/wp-json\/wp\/v2\/product\/10420"}],"collection":[{"href":"https:\/\/www.sams-industrie.fr\/en\/wp-json\/wp\/v2\/product"}],"about":[{"href":"https:\/\/www.sams-industrie.fr\/en\/wp-json\/wp\/v2\/types\/product"}],"replies":[{"embeddable":true,"href":"https:\/\/www.sams-industrie.fr\/en\/wp-json\/wp\/v2\/comments?post=10420"}],"wp:attachment":[{"href":"https:\/\/www.sams-industrie.fr\/en\/wp-json\/wp\/v2\/media?parent=10420"}],"curies":[{"name":"wp","href":"https:\/\/api.w.org\/{rel}","templated":true}]}}