{"id":10419,"date":"2025-02-05T09:56:47","date_gmt":"2025-02-05T08:56:47","guid":{"rendered":"https:\/\/www.sams-industrie.fr\/product\/axe-de-chaine-a-taquets-reference-equerrage\/"},"modified":"2025-10-16T16:33:39","modified_gmt":"2025-10-16T14:33:39","slug":"axe-de-chaine-a-taquets-reference-equerrage","status":"publish","type":"product","link":"https:\/\/www.sams-industrie.fr\/en\/product\/axe-de-chaine-a-taquets-reference-equerrage\/","title":{"rendered":"Chain pin with cleats<br> Reference JR-006-145"},"content":{"rendered":"","protected":false},"excerpt":{"rendered":"<p>RAPIDEX RAPIDLINE 10 \u2013 RAPIDLINE 13 \u2013 RAPIDLINE 16 \u2013 RAPIDLINE 22<br \/>\nR\u00e9f\u00e9rence constructeur : JR-006-145<br \/>\nR\u00e9f\u00e9rences \u00e9quivalentes : JR006145 \/ MJR006145 \/ RAPJR006145<\/p>","protected":false},"featured_media":11662,"comment_status":"open","ping_status":"closed","template":"","meta":[],"_links":{"self":[{"href":"https:\/\/www.sams-industrie.fr\/en\/wp-json\/wp\/v2\/product\/10419"}],"collection":[{"href":"https:\/\/www.sams-industrie.fr\/en\/wp-json\/wp\/v2\/product"}],"about":[{"href":"https:\/\/www.sams-industrie.fr\/en\/wp-json\/wp\/v2\/types\/product"}],"replies":[{"embeddable":true,"href":"https:\/\/www.sams-industrie.fr\/en\/wp-json\/wp\/v2\/comments?post=10419"}],"wp:featuredmedia":[{"embeddable":true,"href":"https:\/\/www.sams-industrie.fr\/en\/wp-json\/wp\/v2\/media\/11662"}],"wp:attachment":[{"href":"https:\/\/www.sams-industrie.fr\/en\/wp-json\/wp\/v2\/media?parent=10419"}],"curies":[{"name":"wp","href":"https:\/\/api.w.org\/{rel}","templated":true}]}}