{"id":10414,"date":"2025-02-05T09:56:41","date_gmt":"2025-02-05T08:56:41","guid":{"rendered":"https:\/\/www.sams-industrie.fr\/product\/rampe-a-galets-reference-equerrage\/"},"modified":"2025-02-19T11:58:12","modified_gmt":"2025-02-19T10:58:12","slug":"rampe-a-galets-reference-equerrage","status":"publish","type":"product","link":"https:\/\/www.sams-industrie.fr\/en\/product\/rampe-a-galets-reference-equerrage\/","title":{"rendered":"Roller ramp<br> Reference WA-045-667"},"content":{"rendered":"","protected":false},"excerpt":{"rendered":"<p>RAPIDEX RAPIDLINE 22<br \/> R\u00e9f\u00e9rence constructeur : WA-045-667<br \/> R\u00e9f\u00e9rences \u00e9quivalentes : WA045667 \/ MWA045667 \/ RAPWA045667<\/p>","protected":false},"featured_media":0,"comment_status":"open","ping_status":"closed","template":"","meta":[],"_links":{"self":[{"href":"https:\/\/www.sams-industrie.fr\/en\/wp-json\/wp\/v2\/product\/10414"}],"collection":[{"href":"https:\/\/www.sams-industrie.fr\/en\/wp-json\/wp\/v2\/product"}],"about":[{"href":"https:\/\/www.sams-industrie.fr\/en\/wp-json\/wp\/v2\/types\/product"}],"replies":[{"embeddable":true,"href":"https:\/\/www.sams-industrie.fr\/en\/wp-json\/wp\/v2\/comments?post=10414"}],"wp:attachment":[{"href":"https:\/\/www.sams-industrie.fr\/en\/wp-json\/wp\/v2\/media?parent=10414"}],"curies":[{"name":"wp","href":"https:\/\/api.w.org\/{rel}","templated":true}]}}