{"id":10412,"date":"2025-02-05T09:56:39","date_gmt":"2025-02-05T08:56:39","guid":{"rendered":"https:\/\/www.sams-industrie.fr\/product\/clavette-de-commande-reference-slotter\/"},"modified":"2025-10-16T16:32:01","modified_gmt":"2025-10-16T14:32:01","slug":"clavette-de-commande-reference-slotter","status":"publish","type":"product","link":"https:\/\/www.sams-industrie.fr\/en\/product\/clavette-de-commande-reference-slotter\/","title":{"rendered":"Control key<br> Reference 700-616-003"},"content":{"rendered":"","protected":false},"excerpt":{"rendered":"<p>RAPIDEX RAPIDLINE 10 \u2013 RAPIDLINE 13 \u2013 RAPIDLINE 16 \u2013 RAPIDLINE 22<br \/>\nR\u00e9f\u00e9rence constructeur : 700-616-003<br \/>\nR\u00e9f\u00e9rences \u00e9quivalentes : 700616003 \/ M700616003 \/ RAP700616003<\/p>","protected":false},"featured_media":11660,"comment_status":"open","ping_status":"closed","template":"","meta":[],"_links":{"self":[{"href":"https:\/\/www.sams-industrie.fr\/en\/wp-json\/wp\/v2\/product\/10412"}],"collection":[{"href":"https:\/\/www.sams-industrie.fr\/en\/wp-json\/wp\/v2\/product"}],"about":[{"href":"https:\/\/www.sams-industrie.fr\/en\/wp-json\/wp\/v2\/types\/product"}],"replies":[{"embeddable":true,"href":"https:\/\/www.sams-industrie.fr\/en\/wp-json\/wp\/v2\/comments?post=10412"}],"wp:featuredmedia":[{"embeddable":true,"href":"https:\/\/www.sams-industrie.fr\/en\/wp-json\/wp\/v2\/media\/11660"}],"wp:attachment":[{"href":"https:\/\/www.sams-industrie.fr\/en\/wp-json\/wp\/v2\/media?parent=10412"}],"curies":[{"name":"wp","href":"https:\/\/api.w.org\/{rel}","templated":true}]}}