{"id":10411,"date":"2025-02-05T09:56:39","date_gmt":"2025-02-05T08:56:39","guid":{"rendered":"https:\/\/www.sams-industrie.fr\/product\/coulisse-de-batteur-reference-empileur\/"},"modified":"2025-02-19T11:58:10","modified_gmt":"2025-02-19T10:58:10","slug":"coulisse-de-batteur-reference-empileur","status":"publish","type":"product","link":"https:\/\/www.sams-industrie.fr\/en\/product\/coulisse-de-batteur-reference-empileur\/","title":{"rendered":"Drummer slide<br> Reference DK-007-115"},"content":{"rendered":"","protected":false},"excerpt":{"rendered":"<p>RAPIDEX RAPIDLINE 16 \u2013 RAPIDLINE 22<br \/> R\u00e9f\u00e9rence constructeur : DK-007-115<br \/> R\u00e9f\u00e9rences \u00e9quivalentes : DK007115 \/ MDK007115 \/ RAPDK007115<\/p>","protected":false},"featured_media":0,"comment_status":"open","ping_status":"closed","template":"","meta":[],"_links":{"self":[{"href":"https:\/\/www.sams-industrie.fr\/en\/wp-json\/wp\/v2\/product\/10411"}],"collection":[{"href":"https:\/\/www.sams-industrie.fr\/en\/wp-json\/wp\/v2\/product"}],"about":[{"href":"https:\/\/www.sams-industrie.fr\/en\/wp-json\/wp\/v2\/types\/product"}],"replies":[{"embeddable":true,"href":"https:\/\/www.sams-industrie.fr\/en\/wp-json\/wp\/v2\/comments?post=10411"}],"wp:attachment":[{"href":"https:\/\/www.sams-industrie.fr\/en\/wp-json\/wp\/v2\/media?parent=10411"}],"curies":[{"name":"wp","href":"https:\/\/api.w.org\/{rel}","templated":true}]}}