{"id":10410,"date":"2025-02-05T09:56:38","date_gmt":"2025-02-05T08:56:38","guid":{"rendered":"https:\/\/www.sams-industrie.fr\/product\/pignon-moteur-rouleaux-reference-empileur-2\/"},"modified":"2025-02-19T11:58:09","modified_gmt":"2025-02-19T10:58:09","slug":"pignon-moteur-rouleaux-reference-empileur-2","status":"publish","type":"product","link":"https:\/\/www.sams-industrie.fr\/en\/product\/pignon-moteur-rouleaux-reference-empileur-2\/","title":{"rendered":"Motor pinion rollers<br> Reference DK-002-076"},"content":{"rendered":"","protected":false},"excerpt":{"rendered":"<p>RAPIDEX RAPIDLINE 16<br \/> R\u00e9f\u00e9rence constructeur : DK-002-076<br \/> R\u00e9f\u00e9rences \u00e9quivalentes : DK002076 \/ MDK002076 \/ RAPDK002076<\/p>","protected":false},"featured_media":0,"comment_status":"open","ping_status":"closed","template":"","meta":[],"_links":{"self":[{"href":"https:\/\/www.sams-industrie.fr\/en\/wp-json\/wp\/v2\/product\/10410"}],"collection":[{"href":"https:\/\/www.sams-industrie.fr\/en\/wp-json\/wp\/v2\/product"}],"about":[{"href":"https:\/\/www.sams-industrie.fr\/en\/wp-json\/wp\/v2\/types\/product"}],"replies":[{"embeddable":true,"href":"https:\/\/www.sams-industrie.fr\/en\/wp-json\/wp\/v2\/comments?post=10410"}],"wp:attachment":[{"href":"https:\/\/www.sams-industrie.fr\/en\/wp-json\/wp\/v2\/media?parent=10410"}],"curies":[{"name":"wp","href":"https:\/\/api.w.org\/{rel}","templated":true}]}}