{"id":10408,"date":"2025-02-05T09:56:36","date_gmt":"2025-02-05T08:56:36","guid":{"rendered":"https:\/\/www.sams-industrie.fr\/product\/chape-fixation-bielle-de-commande-reference-empileur\/"},"modified":"2025-02-19T11:58:07","modified_gmt":"2025-02-19T10:58:07","slug":"chape-fixation-bielle-de-commande-reference-empileur","status":"publish","type":"product","link":"https:\/\/www.sams-industrie.fr\/en\/product\/chape-fixation-bielle-de-commande-reference-empileur\/","title":{"rendered":"Control rod fixing clevis<br> Reference DK-002-023"},"content":{"rendered":"","protected":false},"excerpt":{"rendered":"<p>RAPIDEX RAPIDLINE 16 \u2013 RAPIDLINE 22<br \/> R\u00e9f\u00e9rence constructeur : DK-002-023<br \/> R\u00e9f\u00e9rences \u00e9quivalentes : DK002023 \/ MDK002023 \/ RAPDK002023<\/p>","protected":false},"featured_media":0,"comment_status":"open","ping_status":"closed","template":"","meta":[],"_links":{"self":[{"href":"https:\/\/www.sams-industrie.fr\/en\/wp-json\/wp\/v2\/product\/10408"}],"collection":[{"href":"https:\/\/www.sams-industrie.fr\/en\/wp-json\/wp\/v2\/product"}],"about":[{"href":"https:\/\/www.sams-industrie.fr\/en\/wp-json\/wp\/v2\/types\/product"}],"replies":[{"embeddable":true,"href":"https:\/\/www.sams-industrie.fr\/en\/wp-json\/wp\/v2\/comments?post=10408"}],"wp:attachment":[{"href":"https:\/\/www.sams-industrie.fr\/en\/wp-json\/wp\/v2\/media?parent=10408"}],"curies":[{"name":"wp","href":"https:\/\/api.w.org\/{rel}","templated":true}]}}