{"id":10407,"date":"2025-02-05T09:56:35","date_gmt":"2025-02-05T08:56:35","guid":{"rendered":"https:\/\/www.sams-industrie.fr\/product\/excentrique-de-bielle-de-commande-reference-empileur\/"},"modified":"2025-02-19T11:58:07","modified_gmt":"2025-02-19T10:58:07","slug":"excentrique-de-bielle-de-commande-reference-empileur","status":"publish","type":"product","link":"https:\/\/www.sams-industrie.fr\/en\/product\/excentrique-de-bielle-de-commande-reference-empileur\/","title":{"rendered":"Excentrique de bielle de commande<br> R\u00e9f\u00e9rence DK-002-022"},"content":{"rendered":"","protected":false},"excerpt":{"rendered":"<p>RAPIDEX RAPIDLINE 16 \u2013 RAPIDLINE 22<br \/> R\u00e9f\u00e9rence constructeur : DK-002-022<br \/> R\u00e9f\u00e9rences \u00e9quivalentes : DK002022 \/ MDK002022 \/ RAPDK002022<\/p>","protected":false},"featured_media":0,"comment_status":"open","ping_status":"closed","template":"","meta":[],"_links":{"self":[{"href":"https:\/\/www.sams-industrie.fr\/en\/wp-json\/wp\/v2\/product\/10407"}],"collection":[{"href":"https:\/\/www.sams-industrie.fr\/en\/wp-json\/wp\/v2\/product"}],"about":[{"href":"https:\/\/www.sams-industrie.fr\/en\/wp-json\/wp\/v2\/types\/product"}],"replies":[{"embeddable":true,"href":"https:\/\/www.sams-industrie.fr\/en\/wp-json\/wp\/v2\/comments?post=10407"}],"wp:attachment":[{"href":"https:\/\/www.sams-industrie.fr\/en\/wp-json\/wp\/v2\/media?parent=10407"}],"curies":[{"name":"wp","href":"https:\/\/api.w.org\/{rel}","templated":true}]}}