{"id":10405,"date":"2025-02-05T09:56:34","date_gmt":"2025-02-05T08:56:34","guid":{"rendered":"https:\/\/www.sams-industrie.fr\/product\/tige-de-liaison-reference-empileur\/"},"modified":"2025-02-19T11:58:05","modified_gmt":"2025-02-19T10:58:05","slug":"tige-de-liaison-reference-empileur","status":"publish","type":"product","link":"https:\/\/www.sams-industrie.fr\/en\/product\/tige-de-liaison-reference-empileur\/","title":{"rendered":"Connecting rod<br> Reference DK-002-074"},"content":{"rendered":"","protected":false},"excerpt":{"rendered":"<p>RAPIDEX RAPIDLINE 16 \u2013 RAPIDLINE 22<br \/> R\u00e9f\u00e9rence constructeur : DK-002-074<br \/> R\u00e9f\u00e9rences \u00e9quivalentes : DK002074 \/ MDK002074 \/ RAPDK002074<\/p>","protected":false},"featured_media":0,"comment_status":"open","ping_status":"closed","template":"","meta":[],"_links":{"self":[{"href":"https:\/\/www.sams-industrie.fr\/en\/wp-json\/wp\/v2\/product\/10405"}],"collection":[{"href":"https:\/\/www.sams-industrie.fr\/en\/wp-json\/wp\/v2\/product"}],"about":[{"href":"https:\/\/www.sams-industrie.fr\/en\/wp-json\/wp\/v2\/types\/product"}],"replies":[{"embeddable":true,"href":"https:\/\/www.sams-industrie.fr\/en\/wp-json\/wp\/v2\/comments?post=10405"}],"wp:attachment":[{"href":"https:\/\/www.sams-industrie.fr\/en\/wp-json\/wp\/v2\/media?parent=10405"}],"curies":[{"name":"wp","href":"https:\/\/api.w.org\/{rel}","templated":true}]}}