{"id":10404,"date":"2025-02-05T09:56:33","date_gmt":"2025-02-05T08:56:33","guid":{"rendered":"https:\/\/www.sams-industrie.fr\/product\/equerre-porte-galet-reference-empileur\/"},"modified":"2025-02-19T11:58:04","modified_gmt":"2025-02-19T10:58:04","slug":"equerre-porte-galet-reference-empileur","status":"publish","type":"product","link":"https:\/\/www.sams-industrie.fr\/en\/product\/equerre-porte-galet-reference-empileur\/","title":{"rendered":"Roller holder bracket<br> Reference DK-002-036"},"content":{"rendered":"","protected":false},"excerpt":{"rendered":"<p>RAPIDEX RAPIDLINE 16 \u2013 RAPIDLINE 22<br \/> R\u00e9f\u00e9rence constructeur : DK-002-036<br \/> R\u00e9f\u00e9rences \u00e9quivalentes : DK002036 \/ MDK002036 \/ RAPDK002036<\/p>","protected":false},"featured_media":0,"comment_status":"open","ping_status":"closed","template":"","meta":[],"_links":{"self":[{"href":"https:\/\/www.sams-industrie.fr\/en\/wp-json\/wp\/v2\/product\/10404"}],"collection":[{"href":"https:\/\/www.sams-industrie.fr\/en\/wp-json\/wp\/v2\/product"}],"about":[{"href":"https:\/\/www.sams-industrie.fr\/en\/wp-json\/wp\/v2\/types\/product"}],"replies":[{"embeddable":true,"href":"https:\/\/www.sams-industrie.fr\/en\/wp-json\/wp\/v2\/comments?post=10404"}],"wp:attachment":[{"href":"https:\/\/www.sams-industrie.fr\/en\/wp-json\/wp\/v2\/media?parent=10404"}],"curies":[{"name":"wp","href":"https:\/\/api.w.org\/{rel}","templated":true}]}}