{"id":10401,"date":"2025-02-05T09:56:31","date_gmt":"2025-02-05T08:56:31","guid":{"rendered":"https:\/\/www.sams-industrie.fr\/product\/bielle-porte-presseur-reference-empileur\/"},"modified":"2025-02-19T11:58:02","modified_gmt":"2025-02-19T10:58:02","slug":"bielle-porte-presseur-reference-empileur","status":"publish","type":"product","link":"https:\/\/www.sams-industrie.fr\/en\/product\/bielle-porte-presseur-reference-empileur\/","title":{"rendered":"Presser rod<br> Reference DK-002-032"},"content":{"rendered":"","protected":false},"excerpt":{"rendered":"<p>RAPIDEX RAPIDLINE 16 \u2013 RAPIDLINE 22<br \/> R\u00e9f\u00e9rence constructeur : DK-002-032<br \/> R\u00e9f\u00e9rences \u00e9quivalentes : DK002032 \/ MDK002032 \/ RAPDK002032<\/p>","protected":false},"featured_media":0,"comment_status":"open","ping_status":"closed","template":"","meta":[],"_links":{"self":[{"href":"https:\/\/www.sams-industrie.fr\/en\/wp-json\/wp\/v2\/product\/10401"}],"collection":[{"href":"https:\/\/www.sams-industrie.fr\/en\/wp-json\/wp\/v2\/product"}],"about":[{"href":"https:\/\/www.sams-industrie.fr\/en\/wp-json\/wp\/v2\/types\/product"}],"replies":[{"embeddable":true,"href":"https:\/\/www.sams-industrie.fr\/en\/wp-json\/wp\/v2\/comments?post=10401"}],"wp:attachment":[{"href":"https:\/\/www.sams-industrie.fr\/en\/wp-json\/wp\/v2\/media?parent=10401"}],"curies":[{"name":"wp","href":"https:\/\/api.w.org\/{rel}","templated":true}]}}