{"id":10400,"date":"2025-02-05T09:56:30","date_gmt":"2025-02-05T08:56:30","guid":{"rendered":"https:\/\/www.sams-industrie.fr\/product\/axe-porte-presseur-reference-empileur\/"},"modified":"2025-02-19T11:58:01","modified_gmt":"2025-02-19T10:58:01","slug":"axe-porte-presseur-reference-empileur","status":"publish","type":"product","link":"https:\/\/www.sams-industrie.fr\/en\/product\/axe-porte-presseur-reference-empileur\/","title":{"rendered":"Presser shaft<br> Reference DK-002-031"},"content":{"rendered":"","protected":false},"excerpt":{"rendered":"<p>RAPIDEX RAPIDLINE 16 \u2013 RAPIDLINE 22<br \/> R\u00e9f\u00e9rence constructeur : DK-002-031<br \/> R\u00e9f\u00e9rences \u00e9quivalentes : DK002031 \/ MDK002031 \/ RAPDK002031<\/p>","protected":false},"featured_media":0,"comment_status":"open","ping_status":"closed","template":"","meta":[],"_links":{"self":[{"href":"https:\/\/www.sams-industrie.fr\/en\/wp-json\/wp\/v2\/product\/10400"}],"collection":[{"href":"https:\/\/www.sams-industrie.fr\/en\/wp-json\/wp\/v2\/product"}],"about":[{"href":"https:\/\/www.sams-industrie.fr\/en\/wp-json\/wp\/v2\/types\/product"}],"replies":[{"embeddable":true,"href":"https:\/\/www.sams-industrie.fr\/en\/wp-json\/wp\/v2\/comments?post=10400"}],"wp:attachment":[{"href":"https:\/\/www.sams-industrie.fr\/en\/wp-json\/wp\/v2\/media?parent=10400"}],"curies":[{"name":"wp","href":"https:\/\/api.w.org\/{rel}","templated":true}]}}