{"id":10398,"date":"2025-02-05T09:56:28","date_gmt":"2025-02-05T08:56:28","guid":{"rendered":"https:\/\/www.sams-industrie.fr\/product\/batteur-droit-reference-empileur\/"},"modified":"2025-02-19T11:58:00","modified_gmt":"2025-02-19T10:58:00","slug":"batteur-droit-reference-empileur","status":"publish","type":"product","link":"https:\/\/www.sams-industrie.fr\/en\/product\/batteur-droit-reference-empileur\/","title":{"rendered":"Right hand drummer<br> Reference DK-002-042"},"content":{"rendered":"","protected":false},"excerpt":{"rendered":"<p>RAPIDEX RAPIDLINE 16 \u2013 RAPIDLINE 22<br \/> R\u00e9f\u00e9rence constructeur : DK-002-042<br \/> R\u00e9f\u00e9rences \u00e9quivalentes : DK002042 \/ MDK002042 \/ RAPDK002042<\/p>","protected":false},"featured_media":0,"comment_status":"open","ping_status":"closed","template":"","meta":[],"_links":{"self":[{"href":"https:\/\/www.sams-industrie.fr\/en\/wp-json\/wp\/v2\/product\/10398"}],"collection":[{"href":"https:\/\/www.sams-industrie.fr\/en\/wp-json\/wp\/v2\/product"}],"about":[{"href":"https:\/\/www.sams-industrie.fr\/en\/wp-json\/wp\/v2\/types\/product"}],"replies":[{"embeddable":true,"href":"https:\/\/www.sams-industrie.fr\/en\/wp-json\/wp\/v2\/comments?post=10398"}],"wp:attachment":[{"href":"https:\/\/www.sams-industrie.fr\/en\/wp-json\/wp\/v2\/media?parent=10398"}],"curies":[{"name":"wp","href":"https:\/\/api.w.org\/{rel}","templated":true}]}}