{"id":10396,"date":"2025-02-05T09:56:26","date_gmt":"2025-02-05T08:56:26","guid":{"rendered":"https:\/\/www.sams-industrie.fr\/product\/axe-dequerre-reference-empileur\/"},"modified":"2025-02-19T11:57:58","modified_gmt":"2025-02-19T10:57:58","slug":"axe-dequerre-reference-empileur","status":"publish","type":"product","link":"https:\/\/www.sams-industrie.fr\/en\/product\/axe-dequerre-reference-empileur\/","title":{"rendered":"Right angle axis<br> Reference DK-002-047"},"content":{"rendered":"","protected":false},"excerpt":{"rendered":"<p>RAPIDEX RAPIDLINE 16 \u2013 RAPIDLINE 22<br \/> R\u00e9f\u00e9rence constructeur : DK-002-047<br \/> R\u00e9f\u00e9rences \u00e9quivalentes : DK002047 \/ MDK002047 \/ RAPDK002047<\/p>","protected":false},"featured_media":0,"comment_status":"open","ping_status":"closed","template":"","meta":[],"_links":{"self":[{"href":"https:\/\/www.sams-industrie.fr\/en\/wp-json\/wp\/v2\/product\/10396"}],"collection":[{"href":"https:\/\/www.sams-industrie.fr\/en\/wp-json\/wp\/v2\/product"}],"about":[{"href":"https:\/\/www.sams-industrie.fr\/en\/wp-json\/wp\/v2\/types\/product"}],"replies":[{"embeddable":true,"href":"https:\/\/www.sams-industrie.fr\/en\/wp-json\/wp\/v2\/comments?post=10396"}],"wp:attachment":[{"href":"https:\/\/www.sams-industrie.fr\/en\/wp-json\/wp\/v2\/media?parent=10396"}],"curies":[{"name":"wp","href":"https:\/\/api.w.org\/{rel}","templated":true}]}}