{"id":10394,"date":"2025-02-05T09:56:24","date_gmt":"2025-02-05T08:56:24","guid":{"rendered":"https:\/\/www.sams-industrie.fr\/product\/plaquette-entree-reference-tous-2\/"},"modified":"2025-02-19T11:57:56","modified_gmt":"2025-02-19T10:57:56","slug":"plaquette-entree-reference-tous-2","status":"publish","type":"product","link":"https:\/\/www.sams-industrie.fr\/en\/product\/plaquette-entree-reference-tous-2\/","title":{"rendered":"Entrance plaque<br> Reference BAC-0313-004"},"content":{"rendered":"","protected":false},"excerpt":{"rendered":"<p>RAPIDEX RAPIDLINE 13 \u2013 RAPIDLINE 16<br \/> R\u00e9f\u00e9rence constructeur : BAC-0313-004<br \/> R\u00e9f\u00e9rences \u00e9quivalentes : BAC0313004 \/ MBAC0313004 \/ RAPBAC0313004<\/p>","protected":false},"featured_media":0,"comment_status":"open","ping_status":"closed","template":"","meta":[],"_links":{"self":[{"href":"https:\/\/www.sams-industrie.fr\/en\/wp-json\/wp\/v2\/product\/10394"}],"collection":[{"href":"https:\/\/www.sams-industrie.fr\/en\/wp-json\/wp\/v2\/product"}],"about":[{"href":"https:\/\/www.sams-industrie.fr\/en\/wp-json\/wp\/v2\/types\/product"}],"replies":[{"embeddable":true,"href":"https:\/\/www.sams-industrie.fr\/en\/wp-json\/wp\/v2\/comments?post=10394"}],"wp:attachment":[{"href":"https:\/\/www.sams-industrie.fr\/en\/wp-json\/wp\/v2\/media?parent=10394"}],"curies":[{"name":"wp","href":"https:\/\/api.w.org\/{rel}","templated":true}]}}