{"id":10386,"date":"2025-02-05T09:56:16","date_gmt":"2025-02-05T08:56:16","guid":{"rendered":"https:\/\/www.sams-industrie.fr\/product\/moyeu-prise-de-mouvement-reference-tous\/"},"modified":"2025-02-19T11:57:49","modified_gmt":"2025-02-19T10:57:49","slug":"moyeu-prise-de-mouvement-reference-tous","status":"publish","type":"product","link":"https:\/\/www.sams-industrie.fr\/en\/product\/moyeu-prise-de-mouvement-reference-tous\/","title":{"rendered":"Power take-off hub<br> Reference 700-313-035"},"content":{"rendered":"","protected":false},"excerpt":{"rendered":"<p>RAPIDEX RAPIDLINE 13 \u2013 RAPIDLINE 16<br \/> R\u00e9f\u00e9rence constructeur : 700-313-035<br \/> R\u00e9f\u00e9rences \u00e9quivalentes : 700313035 \/ M700313035 \/ RAP700313035<\/p>","protected":false},"featured_media":0,"comment_status":"open","ping_status":"closed","template":"","meta":[],"_links":{"self":[{"href":"https:\/\/www.sams-industrie.fr\/en\/wp-json\/wp\/v2\/product\/10386"}],"collection":[{"href":"https:\/\/www.sams-industrie.fr\/en\/wp-json\/wp\/v2\/product"}],"about":[{"href":"https:\/\/www.sams-industrie.fr\/en\/wp-json\/wp\/v2\/types\/product"}],"replies":[{"embeddable":true,"href":"https:\/\/www.sams-industrie.fr\/en\/wp-json\/wp\/v2\/comments?post=10386"}],"wp:attachment":[{"href":"https:\/\/www.sams-industrie.fr\/en\/wp-json\/wp\/v2\/media?parent=10386"}],"curies":[{"name":"wp","href":"https:\/\/api.w.org\/{rel}","templated":true}]}}