{"id":10385,"date":"2025-02-05T09:56:15","date_gmt":"2025-02-05T08:56:15","guid":{"rendered":"https:\/\/www.sams-industrie.fr\/product\/croix-de-oldham-reference-tous-3\/"},"modified":"2025-02-19T11:57:48","modified_gmt":"2025-02-19T10:57:48","slug":"croix-de-oldham-reference-tous-3","status":"publish","type":"product","link":"https:\/\/www.sams-industrie.fr\/en\/product\/croix-de-oldham-reference-tous-3\/","title":{"rendered":"Oldham Cross<br> Reference 700-313-034"},"content":{"rendered":"","protected":false},"excerpt":{"rendered":"<p>RAPIDEX RAPIDLINE 13 \u2013 RAPIDLINE 16<br \/> R\u00e9f\u00e9rence constructeur : 700-313-034<br \/> R\u00e9f\u00e9rences \u00e9quivalentes : 700313034 \/ M700313034 \/ RAP700313034<\/p>","protected":false},"featured_media":0,"comment_status":"open","ping_status":"closed","template":"","meta":[],"_links":{"self":[{"href":"https:\/\/www.sams-industrie.fr\/en\/wp-json\/wp\/v2\/product\/10385"}],"collection":[{"href":"https:\/\/www.sams-industrie.fr\/en\/wp-json\/wp\/v2\/product"}],"about":[{"href":"https:\/\/www.sams-industrie.fr\/en\/wp-json\/wp\/v2\/types\/product"}],"replies":[{"embeddable":true,"href":"https:\/\/www.sams-industrie.fr\/en\/wp-json\/wp\/v2\/comments?post=10385"}],"wp:attachment":[{"href":"https:\/\/www.sams-industrie.fr\/en\/wp-json\/wp\/v2\/media?parent=10385"}],"curies":[{"name":"wp","href":"https:\/\/api.w.org\/{rel}","templated":true}]}}