{"id":10383,"date":"2025-02-05T09:56:13","date_gmt":"2025-02-05T08:56:13","guid":{"rendered":"https:\/\/www.sams-industrie.fr\/product\/plaquette-de-frottement-reference-tous\/"},"modified":"2025-02-19T11:57:47","modified_gmt":"2025-02-19T10:57:47","slug":"plaquette-de-frottement-reference-tous","status":"publish","type":"product","link":"https:\/\/www.sams-industrie.fr\/en\/product\/plaquette-de-frottement-reference-tous\/","title":{"rendered":"Friction plate<br> Reference 700-313-032 SAV"},"content":{"rendered":"","protected":false},"excerpt":{"rendered":"<p>RAPIDEX RAPIDLINE 13 \u2013 RAPIDLINE 16<br \/> R\u00e9f\u00e9rence constructeur : 700-313-032 SAV<br \/> R\u00e9f\u00e9rences \u00e9quivalentes : 700313032SAV \/ M700313032SAV \/ RAP700313032SAV<\/p>","protected":false},"featured_media":0,"comment_status":"open","ping_status":"closed","template":"","meta":[],"_links":{"self":[{"href":"https:\/\/www.sams-industrie.fr\/en\/wp-json\/wp\/v2\/product\/10383"}],"collection":[{"href":"https:\/\/www.sams-industrie.fr\/en\/wp-json\/wp\/v2\/product"}],"about":[{"href":"https:\/\/www.sams-industrie.fr\/en\/wp-json\/wp\/v2\/types\/product"}],"replies":[{"embeddable":true,"href":"https:\/\/www.sams-industrie.fr\/en\/wp-json\/wp\/v2\/comments?post=10383"}],"wp:attachment":[{"href":"https:\/\/www.sams-industrie.fr\/en\/wp-json\/wp\/v2\/media?parent=10383"}],"curies":[{"name":"wp","href":"https:\/\/api.w.org\/{rel}","templated":true}]}}