{"id":10381,"date":"2025-02-05T09:56:11","date_gmt":"2025-02-05T08:56:11","guid":{"rendered":"https:\/\/www.sams-industrie.fr\/product\/plaque-de-plieuse-reference\/"},"modified":"2025-02-19T11:57:45","modified_gmt":"2025-02-19T10:57:45","slug":"plaque-de-plieuse-reference","status":"publish","type":"product","link":"https:\/\/www.sams-industrie.fr\/en\/product\/plaque-de-plieuse-reference\/","title":{"rendered":"Bending plate<br> Reference 600-700-017"},"content":{"rendered":"","protected":false},"excerpt":{"rendered":"<p>RAPIDEX RAPIDLINE 13 \u2013 RAPIDLINE 16<br \/> R\u00e9f\u00e9rence constructeur : 600-700-017<br \/> R\u00e9f\u00e9rences \u00e9quivalentes : 600700017 \/ M600700017 \/ RAP600700017<\/p>","protected":false},"featured_media":0,"comment_status":"open","ping_status":"closed","template":"","meta":[],"_links":{"self":[{"href":"https:\/\/www.sams-industrie.fr\/en\/wp-json\/wp\/v2\/product\/10381"}],"collection":[{"href":"https:\/\/www.sams-industrie.fr\/en\/wp-json\/wp\/v2\/product"}],"about":[{"href":"https:\/\/www.sams-industrie.fr\/en\/wp-json\/wp\/v2\/types\/product"}],"replies":[{"embeddable":true,"href":"https:\/\/www.sams-industrie.fr\/en\/wp-json\/wp\/v2\/comments?post=10381"}],"wp:attachment":[{"href":"https:\/\/www.sams-industrie.fr\/en\/wp-json\/wp\/v2\/media?parent=10381"}],"curies":[{"name":"wp","href":"https:\/\/api.w.org\/{rel}","templated":true}]}}