{"id":10378,"date":"2025-02-05T09:56:09","date_gmt":"2025-02-05T08:56:09","guid":{"rendered":"https:\/\/www.sams-industrie.fr\/product\/rail-arriere-reference\/"},"modified":"2025-02-19T11:57:43","modified_gmt":"2025-02-19T10:57:43","slug":"rail-arriere-reference","status":"publish","type":"product","link":"https:\/\/www.sams-industrie.fr\/en\/product\/rail-arriere-reference\/","title":{"rendered":"Rear rail<br> Reference 620-001-515"},"content":{"rendered":"","protected":false},"excerpt":{"rendered":"<p>RAPIDEX RAPIDLINE 13 \u2013 RAPIDLINE 16<br \/> R\u00e9f\u00e9rence constructeur : 620-001-515<br \/> R\u00e9f\u00e9rences \u00e9quivalentes : 620001515 \/ M620001515 \/ RAP620001515<\/p>","protected":false},"featured_media":0,"comment_status":"open","ping_status":"closed","template":"","meta":[],"_links":{"self":[{"href":"https:\/\/www.sams-industrie.fr\/en\/wp-json\/wp\/v2\/product\/10378"}],"collection":[{"href":"https:\/\/www.sams-industrie.fr\/en\/wp-json\/wp\/v2\/product"}],"about":[{"href":"https:\/\/www.sams-industrie.fr\/en\/wp-json\/wp\/v2\/types\/product"}],"replies":[{"embeddable":true,"href":"https:\/\/www.sams-industrie.fr\/en\/wp-json\/wp\/v2\/comments?post=10378"}],"wp:attachment":[{"href":"https:\/\/www.sams-industrie.fr\/en\/wp-json\/wp\/v2\/media?parent=10378"}],"curies":[{"name":"wp","href":"https:\/\/api.w.org\/{rel}","templated":true}]}}