{"id":10375,"date":"2025-02-05T09:56:06","date_gmt":"2025-02-05T08:56:06","guid":{"rendered":"https:\/\/www.sams-industrie.fr\/product\/platine-simple-reference\/"},"modified":"2025-02-19T11:57:41","modified_gmt":"2025-02-19T10:57:41","slug":"platine-simple-reference","status":"publish","type":"product","link":"https:\/\/www.sams-industrie.fr\/en\/product\/platine-simple-reference\/","title":{"rendered":"Single turntable<br> Reference 700-700-050"},"content":{"rendered":"","protected":false},"excerpt":{"rendered":"<p>RAPIDEX RAPIDLINE 13 \u2013 RAPIDLINE 16<br \/> R\u00e9f\u00e9rence constructeur : 700-700-050<br \/> R\u00e9f\u00e9rences \u00e9quivalentes : 700700050 \/ M700700050 \/ RAP700700050<\/p>","protected":false},"featured_media":0,"comment_status":"open","ping_status":"closed","template":"","meta":[],"_links":{"self":[{"href":"https:\/\/www.sams-industrie.fr\/en\/wp-json\/wp\/v2\/product\/10375"}],"collection":[{"href":"https:\/\/www.sams-industrie.fr\/en\/wp-json\/wp\/v2\/product"}],"about":[{"href":"https:\/\/www.sams-industrie.fr\/en\/wp-json\/wp\/v2\/types\/product"}],"replies":[{"embeddable":true,"href":"https:\/\/www.sams-industrie.fr\/en\/wp-json\/wp\/v2\/comments?post=10375"}],"wp:attachment":[{"href":"https:\/\/www.sams-industrie.fr\/en\/wp-json\/wp\/v2\/media?parent=10375"}],"curies":[{"name":"wp","href":"https:\/\/api.w.org\/{rel}","templated":true}]}}