{"id":10374,"date":"2025-02-05T09:56:05","date_gmt":"2025-02-05T08:56:05","guid":{"rendered":"https:\/\/www.sams-industrie.fr\/product\/rail-longitudinal-reference\/"},"modified":"2025-02-19T11:57:40","modified_gmt":"2025-02-19T10:57:40","slug":"rail-longitudinal-reference","status":"publish","type":"product","link":"https:\/\/www.sams-industrie.fr\/en\/product\/rail-longitudinal-reference\/","title":{"rendered":"Longitudinal rail<br> Reference 600-700-002"},"content":{"rendered":"","protected":false},"excerpt":{"rendered":"<p>RAPIDEX RAPIDLINE 13 \u2013 RAPIDLINE 16<br \/> R\u00e9f\u00e9rence constructeur : 600-700-002<br \/> R\u00e9f\u00e9rences \u00e9quivalentes : 600700002 \/ M600700002 \/ RAP600700002<\/p>","protected":false},"featured_media":0,"comment_status":"open","ping_status":"closed","template":"","meta":[],"_links":{"self":[{"href":"https:\/\/www.sams-industrie.fr\/en\/wp-json\/wp\/v2\/product\/10374"}],"collection":[{"href":"https:\/\/www.sams-industrie.fr\/en\/wp-json\/wp\/v2\/product"}],"about":[{"href":"https:\/\/www.sams-industrie.fr\/en\/wp-json\/wp\/v2\/types\/product"}],"replies":[{"embeddable":true,"href":"https:\/\/www.sams-industrie.fr\/en\/wp-json\/wp\/v2\/comments?post=10374"}],"wp:attachment":[{"href":"https:\/\/www.sams-industrie.fr\/en\/wp-json\/wp\/v2\/media?parent=10374"}],"curies":[{"name":"wp","href":"https:\/\/api.w.org\/{rel}","templated":true}]}}