{"id":10371,"date":"2025-02-05T09:56:03","date_gmt":"2025-02-05T08:56:03","guid":{"rendered":"https:\/\/www.sams-industrie.fr\/product\/rail-longitudinal-reference-imprimeuse-5\/"},"modified":"2025-02-19T11:57:38","modified_gmt":"2025-02-19T10:57:38","slug":"rail-longitudinal-reference-imprimeuse-5","status":"publish","type":"product","link":"https:\/\/www.sams-industrie.fr\/en\/product\/rail-longitudinal-reference-imprimeuse-5\/","title":{"rendered":"Longitudinal rail<br> Reference 500-700-124"},"content":{"rendered":"","protected":false},"excerpt":{"rendered":"<p>RAPIDEX RAPIDLINE 13 \u2013 RAPIDLINE 16<br \/> R\u00e9f\u00e9rence constructeur : 500-700-124<br \/> R\u00e9f\u00e9rences \u00e9quivalentes : 500700124 \/ M500700124 \/ RAP500700124<\/p>","protected":false},"featured_media":0,"comment_status":"open","ping_status":"closed","template":"","meta":[],"_links":{"self":[{"href":"https:\/\/www.sams-industrie.fr\/en\/wp-json\/wp\/v2\/product\/10371"}],"collection":[{"href":"https:\/\/www.sams-industrie.fr\/en\/wp-json\/wp\/v2\/product"}],"about":[{"href":"https:\/\/www.sams-industrie.fr\/en\/wp-json\/wp\/v2\/types\/product"}],"replies":[{"embeddable":true,"href":"https:\/\/www.sams-industrie.fr\/en\/wp-json\/wp\/v2\/comments?post=10371"}],"wp:attachment":[{"href":"https:\/\/www.sams-industrie.fr\/en\/wp-json\/wp\/v2\/media?parent=10371"}],"curies":[{"name":"wp","href":"https:\/\/api.w.org\/{rel}","templated":true}]}}