{"id":10368,"date":"2025-02-05T09:55:59","date_gmt":"2025-02-05T08:55:59","guid":{"rendered":"https:\/\/www.sams-industrie.fr\/product\/rail-longitudinal-reference-imprimeuse-2\/"},"modified":"2025-02-19T11:57:36","modified_gmt":"2025-02-19T10:57:36","slug":"rail-longitudinal-reference-imprimeuse-2","status":"publish","type":"product","link":"https:\/\/www.sams-industrie.fr\/en\/product\/rail-longitudinal-reference-imprimeuse-2\/","title":{"rendered":"Longitudinal rail<br> Reference 700-700-084"},"content":{"rendered":"","protected":false},"excerpt":{"rendered":"<p>RAPIDEX RAPIDLINE 13 \u2013 RAPIDLINE 16<br \/> R\u00e9f\u00e9rence constructeur : 700-700-084<br \/> R\u00e9f\u00e9rences \u00e9quivalentes : 700700084 \/ M700700084 \/ RAP700700084<\/p>","protected":false},"featured_media":0,"comment_status":"open","ping_status":"closed","template":"","meta":[],"_links":{"self":[{"href":"https:\/\/www.sams-industrie.fr\/en\/wp-json\/wp\/v2\/product\/10368"}],"collection":[{"href":"https:\/\/www.sams-industrie.fr\/en\/wp-json\/wp\/v2\/product"}],"about":[{"href":"https:\/\/www.sams-industrie.fr\/en\/wp-json\/wp\/v2\/types\/product"}],"replies":[{"embeddable":true,"href":"https:\/\/www.sams-industrie.fr\/en\/wp-json\/wp\/v2\/comments?post=10368"}],"wp:attachment":[{"href":"https:\/\/www.sams-industrie.fr\/en\/wp-json\/wp\/v2\/media?parent=10368"}],"curies":[{"name":"wp","href":"https:\/\/api.w.org\/{rel}","templated":true}]}}