{"id":10363,"date":"2025-02-05T09:55:55","date_gmt":"2025-02-05T08:55:55","guid":{"rendered":"https:\/\/www.sams-industrie.fr\/product\/arbre-cannele-de-commande-reference-equerrage-2\/"},"modified":"2025-02-19T11:57:31","modified_gmt":"2025-02-19T10:57:31","slug":"arbre-cannele-de-commande-reference-equerrage-2","status":"publish","type":"product","link":"https:\/\/www.sams-industrie.fr\/en\/product\/arbre-cannele-de-commande-reference-equerrage-2\/","title":{"rendered":"Splined control shaft<br> Reference 710-014-008 LG"},"content":{"rendered":"","protected":false},"excerpt":{"rendered":"<p>RAPIDEX RAPIDLINE 13 \u2013 RAPIDLINE 16<br \/> R\u00e9f\u00e9rence constructeur : 710-014-008 LG<br \/> R\u00e9f\u00e9rences \u00e9quivalentes : 710014008LG \/ M710014008LG \/ RAP710014008LG<\/p>","protected":false},"featured_media":0,"comment_status":"open","ping_status":"closed","template":"","meta":[],"_links":{"self":[{"href":"https:\/\/www.sams-industrie.fr\/en\/wp-json\/wp\/v2\/product\/10363"}],"collection":[{"href":"https:\/\/www.sams-industrie.fr\/en\/wp-json\/wp\/v2\/product"}],"about":[{"href":"https:\/\/www.sams-industrie.fr\/en\/wp-json\/wp\/v2\/types\/product"}],"replies":[{"embeddable":true,"href":"https:\/\/www.sams-industrie.fr\/en\/wp-json\/wp\/v2\/comments?post=10363"}],"wp:attachment":[{"href":"https:\/\/www.sams-industrie.fr\/en\/wp-json\/wp\/v2\/media?parent=10363"}],"curies":[{"name":"wp","href":"https:\/\/api.w.org\/{rel}","templated":true}]}}