{"id":10361,"date":"2025-02-05T09:55:52","date_gmt":"2025-02-05T08:55:52","guid":{"rendered":"https:\/\/www.sams-industrie.fr\/product\/lame-reference-slotter-17\/"},"modified":"2025-10-16T16:26:35","modified_gmt":"2025-10-16T14:26:35","slug":"lame-reference-slotter-17","status":"publish","type":"product","link":"https:\/\/www.sams-industrie.fr\/en\/product\/lame-reference-slotter-17\/","title":{"rendered":"Blade<br> Reference 400-600-145"},"content":{"rendered":"","protected":false},"excerpt":{"rendered":"<p>RAPIDEX RAPIDLINE 13 \u2013 RAPIDLINE 16<br \/>\nR\u00e9f\u00e9rence constructeur : 400-600-145<br \/>\nR\u00e9f\u00e9rences \u00e9quivalentes : 400600145 \/ M400600145 \/ RAP400600145<\/p>","protected":false},"featured_media":11655,"comment_status":"open","ping_status":"closed","template":"","meta":[],"_links":{"self":[{"href":"https:\/\/www.sams-industrie.fr\/en\/wp-json\/wp\/v2\/product\/10361"}],"collection":[{"href":"https:\/\/www.sams-industrie.fr\/en\/wp-json\/wp\/v2\/product"}],"about":[{"href":"https:\/\/www.sams-industrie.fr\/en\/wp-json\/wp\/v2\/types\/product"}],"replies":[{"embeddable":true,"href":"https:\/\/www.sams-industrie.fr\/en\/wp-json\/wp\/v2\/comments?post=10361"}],"wp:featuredmedia":[{"embeddable":true,"href":"https:\/\/www.sams-industrie.fr\/en\/wp-json\/wp\/v2\/media\/11655"}],"wp:attachment":[{"href":"https:\/\/www.sams-industrie.fr\/en\/wp-json\/wp\/v2\/media?parent=10361"}],"curies":[{"name":"wp","href":"https:\/\/api.w.org\/{rel}","templated":true}]}}