{"id":10360,"date":"2025-02-05T09:55:52","date_gmt":"2025-02-05T08:55:52","guid":{"rendered":"https:\/\/www.sams-industrie.fr\/product\/pied-pour-skis-de-demontage-reference-imprimeuse\/"},"modified":"2025-02-19T11:57:28","modified_gmt":"2025-02-19T10:57:28","slug":"pied-pour-skis-de-demontage-reference-imprimeuse","status":"publish","type":"product","link":"https:\/\/www.sams-industrie.fr\/en\/product\/pied-pour-skis-de-demontage-reference-imprimeuse\/","title":{"rendered":"Foot for dismantling skis<br> Reference 500-100-035"},"content":{"rendered":"","protected":false},"excerpt":{"rendered":"<p>RAPIDEX RAPIDLINE 13 \u2013 RAPIDLINE 16<br \/> R\u00e9f\u00e9rence constructeur : 500-100-035<br \/> R\u00e9f\u00e9rences \u00e9quivalentes : 500100035 \/ M500100035 \/ RAP500100035<\/p>","protected":false},"featured_media":0,"comment_status":"open","ping_status":"closed","template":"","meta":[],"_links":{"self":[{"href":"https:\/\/www.sams-industrie.fr\/en\/wp-json\/wp\/v2\/product\/10360"}],"collection":[{"href":"https:\/\/www.sams-industrie.fr\/en\/wp-json\/wp\/v2\/product"}],"about":[{"href":"https:\/\/www.sams-industrie.fr\/en\/wp-json\/wp\/v2\/types\/product"}],"replies":[{"embeddable":true,"href":"https:\/\/www.sams-industrie.fr\/en\/wp-json\/wp\/v2\/comments?post=10360"}],"wp:attachment":[{"href":"https:\/\/www.sams-industrie.fr\/en\/wp-json\/wp\/v2\/media?parent=10360"}],"curies":[{"name":"wp","href":"https:\/\/api.w.org\/{rel}","templated":true}]}}