{"id":10358,"date":"2025-02-05T09:55:50","date_gmt":"2025-02-05T08:55:50","guid":{"rendered":"https:\/\/www.sams-industrie.fr\/product\/ski-de-demontage-reference-imprimeuse-2\/"},"modified":"2025-02-19T11:57:27","modified_gmt":"2025-02-19T10:57:27","slug":"ski-de-demontage-reference-imprimeuse-2","status":"publish","type":"product","link":"https:\/\/www.sams-industrie.fr\/en\/product\/ski-de-demontage-reference-imprimeuse-2\/","title":{"rendered":"Dismounting ski<br> Reference 500-100-031"},"content":{"rendered":"","protected":false},"excerpt":{"rendered":"<p>RAPIDEX RAPIDLINE 13 \u2013 RAPIDLINE 16<br \/> R\u00e9f\u00e9rence constructeur : 500-100-031<br \/> R\u00e9f\u00e9rences \u00e9quivalentes : 500100031 \/ M500100031 \/ RAP500100031<\/p>","protected":false},"featured_media":0,"comment_status":"open","ping_status":"closed","template":"","meta":[],"_links":{"self":[{"href":"https:\/\/www.sams-industrie.fr\/en\/wp-json\/wp\/v2\/product\/10358"}],"collection":[{"href":"https:\/\/www.sams-industrie.fr\/en\/wp-json\/wp\/v2\/product"}],"about":[{"href":"https:\/\/www.sams-industrie.fr\/en\/wp-json\/wp\/v2\/types\/product"}],"replies":[{"embeddable":true,"href":"https:\/\/www.sams-industrie.fr\/en\/wp-json\/wp\/v2\/comments?post=10358"}],"wp:attachment":[{"href":"https:\/\/www.sams-industrie.fr\/en\/wp-json\/wp\/v2\/media?parent=10358"}],"curies":[{"name":"wp","href":"https:\/\/api.w.org\/{rel}","templated":true}]}}