{"id":10356,"date":"2025-02-05T09:55:48","date_gmt":"2025-02-05T08:55:48","guid":{"rendered":"https:\/\/www.sams-industrie.fr\/product\/axe-de-bielle-de-liaison-reference-imprimeuse\/"},"modified":"2025-02-19T11:57:26","modified_gmt":"2025-02-19T10:57:26","slug":"axe-de-bielle-de-liaison-reference-imprimeuse","status":"publish","type":"product","link":"https:\/\/www.sams-industrie.fr\/en\/product\/axe-de-bielle-de-liaison-reference-imprimeuse\/","title":{"rendered":"Connecting rod axle<br> Reference 500-103-031"},"content":{"rendered":"","protected":false},"excerpt":{"rendered":"<p>RAPIDEX RAPIDLINE 13 \u2013 RAPIDLINE 16<br \/> R\u00e9f\u00e9rence constructeur : 500-103-031<br \/> R\u00e9f\u00e9rences \u00e9quivalentes : 500103031 \/ M500103031 \/ RAP500103031<\/p>","protected":false},"featured_media":0,"comment_status":"open","ping_status":"closed","template":"","meta":[],"_links":{"self":[{"href":"https:\/\/www.sams-industrie.fr\/en\/wp-json\/wp\/v2\/product\/10356"}],"collection":[{"href":"https:\/\/www.sams-industrie.fr\/en\/wp-json\/wp\/v2\/product"}],"about":[{"href":"https:\/\/www.sams-industrie.fr\/en\/wp-json\/wp\/v2\/types\/product"}],"replies":[{"embeddable":true,"href":"https:\/\/www.sams-industrie.fr\/en\/wp-json\/wp\/v2\/comments?post=10356"}],"wp:attachment":[{"href":"https:\/\/www.sams-industrie.fr\/en\/wp-json\/wp\/v2\/media?parent=10356"}],"curies":[{"name":"wp","href":"https:\/\/api.w.org\/{rel}","templated":true}]}}