{"id":10355,"date":"2025-02-05T09:55:47","date_gmt":"2025-02-05T08:55:47","guid":{"rendered":"https:\/\/www.sams-industrie.fr\/product\/excentrique-acier-reference-imprimeuse\/"},"modified":"2025-10-16T16:25:50","modified_gmt":"2025-10-16T14:25:50","slug":"excentrique-acier-reference-imprimeuse","status":"publish","type":"product","link":"https:\/\/www.sams-industrie.fr\/en\/product\/excentrique-acier-reference-imprimeuse\/","title":{"rendered":"Steel eccentric<br> R\u00e9f\u00e9rence 500-103-026"},"content":{"rendered":"","protected":false},"excerpt":{"rendered":"<p>RAPIDEX RAPIDLINE 13 \u2013 RAPIDLINE 16<br \/>\nR\u00e9f\u00e9rence constructeur : 500-103-026<br \/>\nR\u00e9f\u00e9rences \u00e9quivalentes : 500103026 \/ M500103026 \/ RAP500103026<\/p>","protected":false},"featured_media":11654,"comment_status":"open","ping_status":"closed","template":"","meta":[],"_links":{"self":[{"href":"https:\/\/www.sams-industrie.fr\/en\/wp-json\/wp\/v2\/product\/10355"}],"collection":[{"href":"https:\/\/www.sams-industrie.fr\/en\/wp-json\/wp\/v2\/product"}],"about":[{"href":"https:\/\/www.sams-industrie.fr\/en\/wp-json\/wp\/v2\/types\/product"}],"replies":[{"embeddable":true,"href":"https:\/\/www.sams-industrie.fr\/en\/wp-json\/wp\/v2\/comments?post=10355"}],"wp:featuredmedia":[{"embeddable":true,"href":"https:\/\/www.sams-industrie.fr\/en\/wp-json\/wp\/v2\/media\/11654"}],"wp:attachment":[{"href":"https:\/\/www.sams-industrie.fr\/en\/wp-json\/wp\/v2\/media?parent=10355"}],"curies":[{"name":"wp","href":"https:\/\/api.w.org\/{rel}","templated":true}]}}