{"id":10353,"date":"2025-02-05T09:55:46","date_gmt":"2025-02-05T08:55:46","guid":{"rendered":"https:\/\/www.sams-industrie.fr\/product\/bielle-de-liaison-reference-imprimeuse\/"},"modified":"2025-10-16T16:24:05","modified_gmt":"2025-10-16T14:24:05","slug":"bielle-de-liaison-reference-imprimeuse","status":"publish","type":"product","link":"https:\/\/www.sams-industrie.fr\/en\/product\/bielle-de-liaison-reference-imprimeuse\/","title":{"rendered":"Connecting rod<br> Reference 500-103-023"},"content":{"rendered":"","protected":false},"excerpt":{"rendered":"<p>RAPIDEX RAPIDLINE 13 \u2013 RAPIDLINE 16<br \/>\nR\u00e9f\u00e9rence constructeur : 500-103-023<br \/>\nR\u00e9f\u00e9rences \u00e9quivalentes : 500103023 \/ M500103023 \/ RAP500103023<\/p>","protected":false},"featured_media":11652,"comment_status":"open","ping_status":"closed","template":"","meta":[],"_links":{"self":[{"href":"https:\/\/www.sams-industrie.fr\/en\/wp-json\/wp\/v2\/product\/10353"}],"collection":[{"href":"https:\/\/www.sams-industrie.fr\/en\/wp-json\/wp\/v2\/product"}],"about":[{"href":"https:\/\/www.sams-industrie.fr\/en\/wp-json\/wp\/v2\/types\/product"}],"replies":[{"embeddable":true,"href":"https:\/\/www.sams-industrie.fr\/en\/wp-json\/wp\/v2\/comments?post=10353"}],"wp:featuredmedia":[{"embeddable":true,"href":"https:\/\/www.sams-industrie.fr\/en\/wp-json\/wp\/v2\/media\/11652"}],"wp:attachment":[{"href":"https:\/\/www.sams-industrie.fr\/en\/wp-json\/wp\/v2\/media?parent=10353"}],"curies":[{"name":"wp","href":"https:\/\/api.w.org\/{rel}","templated":true}]}}