{"id":10351,"date":"2025-02-05T09:55:44","date_gmt":"2025-02-05T08:55:44","guid":{"rendered":"https:\/\/www.sams-industrie.fr\/product\/ecrou-de-deplacement-equerres-reference-margeur\/"},"modified":"2025-02-19T11:57:22","modified_gmt":"2025-02-19T10:57:22","slug":"ecrou-de-deplacement-equerres-reference-margeur","status":"publish","type":"product","link":"https:\/\/www.sams-industrie.fr\/en\/product\/ecrou-de-deplacement-equerres-reference-margeur\/","title":{"rendered":"Angle displacement nut<br> Reference 500-911-016"},"content":{"rendered":"","protected":false},"excerpt":{"rendered":"<p>RAPIDEX RAPIDLINE 13 \u2013 RAPIDLINE 16<br \/> R\u00e9f\u00e9rence constructeur : 500-911-016<br \/> R\u00e9f\u00e9rences \u00e9quivalentes : 500911016 \/ M500911016 \/ RAP500911016<\/p>","protected":false},"featured_media":0,"comment_status":"open","ping_status":"closed","template":"","meta":[],"_links":{"self":[{"href":"https:\/\/www.sams-industrie.fr\/en\/wp-json\/wp\/v2\/product\/10351"}],"collection":[{"href":"https:\/\/www.sams-industrie.fr\/en\/wp-json\/wp\/v2\/product"}],"about":[{"href":"https:\/\/www.sams-industrie.fr\/en\/wp-json\/wp\/v2\/types\/product"}],"replies":[{"embeddable":true,"href":"https:\/\/www.sams-industrie.fr\/en\/wp-json\/wp\/v2\/comments?post=10351"}],"wp:attachment":[{"href":"https:\/\/www.sams-industrie.fr\/en\/wp-json\/wp\/v2\/media?parent=10351"}],"curies":[{"name":"wp","href":"https:\/\/api.w.org\/{rel}","templated":true}]}}