{"id":10349,"date":"2025-02-05T09:55:42","date_gmt":"2025-02-05T08:55:42","guid":{"rendered":"https:\/\/www.sams-industrie.fr\/product\/attache-de-chaine-de-butee-frontale-reference-margeur\/"},"modified":"2025-02-19T11:57:20","modified_gmt":"2025-02-19T10:57:20","slug":"attache-de-chaine-de-butee-frontale-reference-margeur","status":"publish","type":"product","link":"https:\/\/www.sams-industrie.fr\/en\/product\/attache-de-chaine-de-butee-frontale-reference-margeur\/","title":{"rendered":"Front stop chain attachment<br> Reference 500-911-024"},"content":{"rendered":"","protected":false},"excerpt":{"rendered":"<p>RAPIDEX RAPIDLINE 13 \u2013 RAPIDLINE 16<br \/> R\u00e9f\u00e9rence constructeur : 500-911-024<br \/> R\u00e9f\u00e9rences \u00e9quivalentes : 500911024 \/ M500911024 \/ RAP500911024<\/p>","protected":false},"featured_media":0,"comment_status":"open","ping_status":"closed","template":"","meta":[],"_links":{"self":[{"href":"https:\/\/www.sams-industrie.fr\/en\/wp-json\/wp\/v2\/product\/10349"}],"collection":[{"href":"https:\/\/www.sams-industrie.fr\/en\/wp-json\/wp\/v2\/product"}],"about":[{"href":"https:\/\/www.sams-industrie.fr\/en\/wp-json\/wp\/v2\/types\/product"}],"replies":[{"embeddable":true,"href":"https:\/\/www.sams-industrie.fr\/en\/wp-json\/wp\/v2\/comments?post=10349"}],"wp:attachment":[{"href":"https:\/\/www.sams-industrie.fr\/en\/wp-json\/wp\/v2\/media?parent=10349"}],"curies":[{"name":"wp","href":"https:\/\/api.w.org\/{rel}","templated":true}]}}