{"id":10345,"date":"2025-02-05T09:55:35","date_gmt":"2025-02-05T08:55:35","guid":{"rendered":"https:\/\/www.sams-industrie.fr\/product\/axe-tendeur-cinematique-reference-slotter\/"},"modified":"2025-02-19T11:57:17","modified_gmt":"2025-02-19T10:57:17","slug":"axe-tendeur-cinematique-reference-slotter","status":"publish","type":"product","link":"https:\/\/www.sams-industrie.fr\/en\/product\/axe-tendeur-cinematique-reference-slotter\/","title":{"rendered":"Kinematic tensioner axle<br> Reference 700-614-009"},"content":{"rendered":"","protected":false},"excerpt":{"rendered":"<p>RAPIDEX RAPIDLINE 10 \u2013 RAPIDLINE 13<br \/> R\u00e9f\u00e9rence constructeur : 700-614-009<br \/> R\u00e9f\u00e9rences \u00e9quivalentes : 700614009 \/ M700614009 \/ RAP700614009<\/p>","protected":false},"featured_media":0,"comment_status":"open","ping_status":"closed","template":"","meta":[],"_links":{"self":[{"href":"https:\/\/www.sams-industrie.fr\/en\/wp-json\/wp\/v2\/product\/10345"}],"collection":[{"href":"https:\/\/www.sams-industrie.fr\/en\/wp-json\/wp\/v2\/product"}],"about":[{"href":"https:\/\/www.sams-industrie.fr\/en\/wp-json\/wp\/v2\/types\/product"}],"replies":[{"embeddable":true,"href":"https:\/\/www.sams-industrie.fr\/en\/wp-json\/wp\/v2\/comments?post=10345"}],"wp:attachment":[{"href":"https:\/\/www.sams-industrie.fr\/en\/wp-json\/wp\/v2\/media?parent=10345"}],"curies":[{"name":"wp","href":"https:\/\/api.w.org\/{rel}","templated":true}]}}