{"id":10339,"date":"2025-02-05T09:55:29","date_gmt":"2025-02-05T08:55:29","guid":{"rendered":"https:\/\/www.sams-industrie.fr\/product\/moyeu-conique-de-serrage-reference\/"},"modified":"2025-02-19T11:57:13","modified_gmt":"2025-02-19T10:57:13","slug":"moyeu-conique-de-serrage-reference","status":"publish","type":"product","link":"https:\/\/www.sams-industrie.fr\/en\/product\/moyeu-conique-de-serrage-reference\/","title":{"rendered":"Tapered clamping hub<br> Reference BD-013-136"},"content":{"rendered":"","protected":false},"excerpt":{"rendered":"<p>RAPIDEX Inline Stapler<br \/> R\u00e9f\u00e9rence constructeur : BD-013-136<br \/> R\u00e9f\u00e9rences \u00e9quivalentes : BD013136 \/ MBD013136 \/ RAPBD013136<\/p>","protected":false},"featured_media":0,"comment_status":"open","ping_status":"closed","template":"","meta":[],"_links":{"self":[{"href":"https:\/\/www.sams-industrie.fr\/en\/wp-json\/wp\/v2\/product\/10339"}],"collection":[{"href":"https:\/\/www.sams-industrie.fr\/en\/wp-json\/wp\/v2\/product"}],"about":[{"href":"https:\/\/www.sams-industrie.fr\/en\/wp-json\/wp\/v2\/types\/product"}],"replies":[{"embeddable":true,"href":"https:\/\/www.sams-industrie.fr\/en\/wp-json\/wp\/v2\/comments?post=10339"}],"wp:attachment":[{"href":"https:\/\/www.sams-industrie.fr\/en\/wp-json\/wp\/v2\/media?parent=10339"}],"curies":[{"name":"wp","href":"https:\/\/api.w.org\/{rel}","templated":true}]}}